{"id":1645,"date":"2018-01-15T10:49:00","date_gmt":"2018-01-15T13:49:00","guid":{"rendered":"http:\/\/www.progres.com.br\/site\/?page_id=1645"},"modified":"2023-08-01T15:02:16","modified_gmt":"2023-08-01T18:02:16","slug":"progres-comercial","status":"publish","type":"page","link":"https:\/\/progres.com.br\/site\/produtos\/progres-comercial\/","title":{"rendered":"Progres Comercial"},"content":{"rendered":"<p style=\"text-align: justify;\">O<b>\u00a0<\/b>Sistema\u00a0<strong>Progres Comercial<\/strong> \u00e9 um sistema de gest\u00e3o e automa\u00e7\u00e3o comercial e industrial de empresas que efetuem fabrica\u00e7\u00e3o e vendas de mercadorias como principal atividade. Com ele \u00e9 poss\u00edvel gerenciar seu estoque de mercadorias e insumos, cadastrar clientes, produtos, fornecedores, registrar suas vendas, controlar o caixa, emitir notas fiscais eletr\u00f4nicas, controlar suas contas, fazer or\u00e7amentos, imprimir recibos e etiquetas, gest\u00e3o de RH, balan\u00e7o cont\u00e1bil e muito mais&#8230;<\/p>\n<p style=\"text-align: justify;\"><strong>Suas principais caracter\u00edsticas s\u00e3o:<\/strong><\/p>\n<ul style=\"text-align: justify;\">\n<li style=\"list-style-type: none;\">\n<ul style=\"text-align: justify;\">\n<li>Desenvolvido com as mais modernas t\u00e9cnicas de Engenharia de Software.<\/li>\n<\/ul>\n<\/li>\n<\/ul>\n<ul style=\"text-align: justify;\">\n<li style=\"list-style-type: none;\">\n<ul style=\"text-align: justify;\">\n<li>Os M\u00f3dulos s\u00e3o aplica\u00e7\u00f5es desktop independentes.<\/li>\n<\/ul>\n<\/li>\n<\/ul>\n<ul style=\"text-align: justify;\">\n<li style=\"list-style-type: none;\">\n<ul style=\"text-align: justify;\">\n<li>Suporte a Sistemas Operacionais Windows e Linux.<\/li>\n<\/ul>\n<\/li>\n<\/ul>\n<ul style=\"text-align: justify;\">\n<li style=\"list-style-type: none;\">\n<ul style=\"text-align: justify;\">\n<li>Suporte a grande volume de dados.<\/li>\n<\/ul>\n<\/li>\n<\/ul>\n<ul style=\"text-align: justify;\">\n<li style=\"list-style-type: none;\">\n<ul style=\"text-align: justify;\">\n<li>Alto desempenho.<\/li>\n<\/ul>\n<\/li>\n<\/ul>\n<ul style=\"text-align: justify;\">\n<li style=\"list-style-type: none;\">\n<ul style=\"text-align: justify;\">\n<li>Baixo tempo de respostas.<\/li>\n<\/ul>\n<\/li>\n<\/ul>\n<ul style=\"text-align: justify;\">\n<li style=\"list-style-type: none;\">\n<ul style=\"text-align: justify;\">\n<li>Teclas de atalhos configur\u00e1veis.<\/li>\n<\/ul>\n<\/li>\n<\/ul>\n<ul style=\"text-align: justify;\">\n<li style=\"list-style-type: none;\">\n<ul style=\"text-align: justify;\">\n<li>Suporte a trabalho remoto.<\/li>\n<\/ul>\n<\/li>\n<\/ul>\n<ul style=\"text-align: justify;\">\n<li style=\"list-style-type: none;\">\n<ul style=\"text-align: justify;\">\n<li>Suporte a m\u00faltiplas filiais operando com os mesmos dados.<\/li>\n<\/ul>\n<\/li>\n<\/ul>\n<ul style=\"text-align: justify;\">\n<li style=\"list-style-type: none;\">\n<ul style=\"text-align: justify;\">\n<li>Interfaces amig\u00e1veis.<\/li>\n<\/ul>\n<\/li>\n<\/ul>\n<ul style=\"text-align: justify;\">\n<li style=\"list-style-type: none;\">\n<ul style=\"text-align: justify;\">\n<li>Forma simplificada de uso, muito f\u00e1cil, intuitivo e objetivo.<\/li>\n<\/ul>\n<\/li>\n<\/ul>\n<ul style=\"text-align: justify;\">\n<li style=\"list-style-type: none;\">\n<ul style=\"text-align: justify;\">\n<li>Suporte privil\u00e9gios de acesso para usu\u00e1rios.<\/li>\n<\/ul>\n<\/li>\n<\/ul>\n<ul style=\"text-align: justify;\">\n<li style=\"list-style-type: none;\">\n<ul style=\"text-align: justify;\">\n<li>Possibilidade de customiza\u00e7\u00f5es.<\/li>\n<\/ul>\n<\/li>\n<\/ul>\n<ul style=\"text-align: justify;\">\n<li style=\"list-style-type: none;\">\n<ul style=\"text-align: justify;\">\n<li>Atualiza\u00e7\u00e3o constante corrigindo bugs e adicionando novas funcionalidades.<\/li>\n<\/ul>\n<\/li>\n<\/ul>\n<ul style=\"text-align: justify;\">\n<li style=\"list-style-type: none;\">\n<ul style=\"text-align: justify;\">\n<li>Assist\u00eancia remota.<\/li>\n<\/ul>\n<\/li>\n<\/ul>\n<ul style=\"text-align: justify;\">\n<li style=\"list-style-type: none;\">\n<ul style=\"text-align: justify;\">\n<li>Sem necessidade de instala\u00e7\u00e3o nos terminais, basta plugar a chave de hardware.<\/li>\n<\/ul>\n<\/li>\n<\/ul>\n<p style=\"text-align: justify;\"><strong>Os M\u00f3dulos do Sistema s\u00e3o:<\/strong><\/p>\n<ul style=\"text-align: justify;\">\n<li style=\"list-style-type: none;\">\n<ul style=\"text-align: justify;\">\n<li><strong>Resumo da Empresa<\/strong><\/li>\n<\/ul>\n<\/li>\n<\/ul>\n<p style=\"text-align: justify;\"><img decoding=\"async\" class=\"size-full wp-image-1897 aligncenter\" src=\"https:\/\/progres.com.br\/site\/wp-content\/uploads\/2019\/07\/1.png\" alt=\"\" width=\"1047\" height=\"911\" srcset=\"https:\/\/progres.com.br\/site\/wp-content\/uploads\/2019\/07\/1.png 1047w, https:\/\/progres.com.br\/site\/wp-content\/uploads\/2019\/07\/1-300x261.png 300w, https:\/\/progres.com.br\/site\/wp-content\/uploads\/2019\/07\/1-768x668.png 768w, https:\/\/progres.com.br\/site\/wp-content\/uploads\/2019\/07\/1-1024x891.png 1024w\" sizes=\"(max-width: 1047px) 100vw, 1047px\" \/><\/p>\n<ul>\n<li style=\"list-style-type: none;\">\n<ul>\n<li><strong style=\"text-align: justify;\">Frente de Caixa<\/strong><\/li>\n<\/ul>\n<\/li>\n<\/ul>\n<p style=\"text-align: justify;\"><img decoding=\"async\" class=\"size-full wp-image-1896 aligncenter\" src=\"https:\/\/progres.com.br\/site\/wp-content\/uploads\/2019\/07\/2.png\" alt=\"\" width=\"1280\" height=\"911\" srcset=\"https:\/\/progres.com.br\/site\/wp-content\/uploads\/2019\/07\/2.png 1280w, https:\/\/progres.com.br\/site\/wp-content\/uploads\/2019\/07\/2-300x214.png 300w, https:\/\/progres.com.br\/site\/wp-content\/uploads\/2019\/07\/2-768x547.png 768w, https:\/\/progres.com.br\/site\/wp-content\/uploads\/2019\/07\/2-1024x729.png 1024w\" sizes=\"(max-width: 1280px) 100vw, 1280px\" \/><\/p>\n<ul>\n<li style=\"list-style-type: none;\">\n<ul>\n<li><strong style=\"text-align: justify;\">Clientes<\/strong><\/li>\n<\/ul>\n<\/li>\n<\/ul>\n<ul>\n<li style=\"list-style-type: none;\">\n<ul>\n<li style=\"list-style-type: none;\">\n<ul style=\"text-align: justify;\">\n<li style=\"list-style-type: none;\">\n<ul style=\"text-align: justify;\">\n<li>Cadastro de Clientes com integra\u00e7\u00e3o a Receita Federal, Secret\u00e1ria da Fazenda, Correios e Registro.BR.<\/li>\n<\/ul>\n<\/li>\n<\/ul>\n<ul>\n<li style=\"list-style-type: none;\">\n<ul>\n<li style=\"list-style-type: none;\">\n<ul style=\"text-align: justify;\">\n<li>Suporte a identifica\u00e7\u00e3o dos clientes via foto.<\/li>\n<\/ul>\n<\/li>\n<\/ul>\n<\/li>\n<\/ul>\n<ul>\n<li style=\"list-style-type: none;\">\n<ul>\n<li style=\"list-style-type: none;\">\n<ul style=\"text-align: justify;\">\n<li>Agendamento de contatos.<\/li>\n<\/ul>\n<\/li>\n<\/ul>\n<\/li>\n<\/ul>\n<ul>\n<li style=\"list-style-type: none;\">\n<ul>\n<li style=\"list-style-type: none;\">\n<ul style=\"text-align: justify;\">\n<li>Suporte a reserva de produtos.<\/li>\n<\/ul>\n<\/li>\n<\/ul>\n<\/li>\n<\/ul>\n<ul>\n<li style=\"list-style-type: none;\">\n<ul>\n<li style=\"list-style-type: none;\">\n<ul style=\"text-align: justify;\">\n<li>Hist\u00f3rico de Contatos.<\/li>\n<\/ul>\n<\/li>\n<\/ul>\n<\/li>\n<\/ul>\n<ul>\n<li style=\"list-style-type: none;\">\n<ul>\n<li style=\"list-style-type: none;\">\n<ul style=\"text-align: justify;\">\n<li>Identifica\u00e7\u00e3o de clientes via linha telef\u00f4nica por bina.<\/li>\n<\/ul>\n<\/li>\n<\/ul>\n<\/li>\n<\/ul>\n<ul>\n<li style=\"list-style-type: none;\">\n<ul>\n<li style=\"list-style-type: none;\">\n<ul style=\"text-align: justify;\">\n<li>Emiss\u00e3o de relat\u00f3rios configur\u00e1veis.<\/li>\n<\/ul>\n<\/li>\n<\/ul>\n<\/li>\n<\/ul>\n<ul>\n<li style=\"list-style-type: none;\">\n<ul>\n<li><strong style=\"text-align: justify;\">Estoque<\/strong><\/li>\n<\/ul>\n<\/li>\n<\/ul>\n<ul>\n<li style=\"list-style-type: none;\">\n<ul>\n<li style=\"list-style-type: none;\">\n<ul style=\"text-align: justify;\">\n<li>Controle de entrada e sa\u00edda de mercadorias.<\/li>\n<\/ul>\n<\/li>\n<\/ul>\n<\/li>\n<\/ul>\n<ul>\n<li style=\"list-style-type: none;\">\n<ul>\n<li style=\"list-style-type: none;\">\n<ul style=\"text-align: justify;\">\n<li>Suporte a etiquetas com c\u00f3digo de barras.<\/li>\n<\/ul>\n<\/li>\n<\/ul>\n<\/li>\n<\/ul>\n<ul>\n<li style=\"list-style-type: none;\">\n<ul>\n<li style=\"list-style-type: none;\">\n<ul style=\"text-align: justify;\">\n<li>Impress\u00e3o de etiquetas com c\u00f3digo de barras.<\/li>\n<\/ul>\n<\/li>\n<\/ul>\n<\/li>\n<\/ul>\n<ul>\n<li style=\"list-style-type: none;\">\n<ul>\n<li style=\"list-style-type: none;\">\n<ul style=\"text-align: justify;\">\n<li>Suporte de etiquetas com c\u00f3digo de barras dos fabricantes.<\/li>\n<\/ul>\n<\/li>\n<\/ul>\n<\/li>\n<\/ul>\n<ul>\n<li style=\"list-style-type: none;\">\n<ul>\n<li style=\"list-style-type: none;\">\n<ul style=\"text-align: justify;\">\n<li>Suporte a m\u00faltiplas imagens dos produtos.<\/li>\n<\/ul>\n<\/li>\n<\/ul>\n<\/li>\n<\/ul>\n<ul>\n<li style=\"list-style-type: none;\">\n<ul>\n<li style=\"list-style-type: none;\">\n<ul style=\"text-align: justify;\">\n<li>C\u00e1lculo autom\u00e1ticos de pre\u00e7os.<\/li>\n<\/ul>\n<\/li>\n<\/ul>\n<\/li>\n<\/ul>\n<ul>\n<li style=\"list-style-type: none;\">\n<ul>\n<li style=\"list-style-type: none;\">\n<ul style=\"text-align: justify;\">\n<li>C\u00e1lculo autom\u00e1ticos de impostos.<\/li>\n<\/ul>\n<\/li>\n<\/ul>\n<\/li>\n<\/ul>\n<ul>\n<li style=\"list-style-type: none;\">\n<ul>\n<li style=\"list-style-type: none;\">\n<ul style=\"text-align: justify;\">\n<li>Suporte a m\u00faltiplas tabelas de pre\u00e7os.<\/li>\n<\/ul>\n<\/li>\n<\/ul>\n<\/li>\n<\/ul>\n<ul>\n<li style=\"list-style-type: none;\">\n<ul>\n<li style=\"list-style-type: none;\">\n<ul style=\"text-align: justify;\">\n<li>Suporte a composi\u00e7\u00f5es de produtos.<\/li>\n<\/ul>\n<\/li>\n<\/ul>\n<\/li>\n<\/ul>\n<ul>\n<li style=\"list-style-type: none;\">\n<ul>\n<li style=\"list-style-type: none;\">\n<ul style=\"text-align: justify;\">\n<li>Suporte a fracionamento de produtos.<\/li>\n<\/ul>\n<\/li>\n<\/ul>\n<\/li>\n<\/ul>\n<ul>\n<li style=\"list-style-type: none;\">\n<ul>\n<li style=\"list-style-type: none;\">\n<ul style=\"text-align: justify;\">\n<li>Suporte a m\u00faltiplas formas de entrega.<\/li>\n<\/ul>\n<\/li>\n<\/ul>\n<\/li>\n<\/ul>\n<ul>\n<li style=\"list-style-type: none;\">\n<ul>\n<li style=\"list-style-type: none;\">\n<ul style=\"text-align: justify;\">\n<li>Suporte a reserva de produtos.<\/li>\n<\/ul>\n<\/li>\n<\/ul>\n<\/li>\n<\/ul>\n<ul>\n<li style=\"list-style-type: none;\">\n<ul>\n<li style=\"list-style-type: none;\">\n<ul style=\"text-align: justify;\">\n<li>Suporte a Categorias, Grupos e Subgrupos.<\/li>\n<\/ul>\n<\/li>\n<\/ul>\n<\/li>\n<\/ul>\n<ul>\n<li style=\"list-style-type: none;\">\n<ul>\n<li style=\"list-style-type: none;\">\n<ul style=\"text-align: justify;\">\n<li>Suporte a reajuste de pre\u00e7os por Categorias, Grupos e Subgrupos.<\/li>\n<\/ul>\n<\/li>\n<\/ul>\n<\/li>\n<\/ul>\n<ul>\n<li style=\"list-style-type: none;\">\n<ul>\n<li style=\"list-style-type: none;\">\n<ul style=\"text-align: justify;\">\n<li>Hist\u00f3rico de movimenta\u00e7\u00e3o.<\/li>\n<\/ul>\n<\/li>\n<\/ul>\n<\/li>\n<\/ul>\n<ul>\n<li style=\"list-style-type: none;\">\n<ul>\n<li style=\"list-style-type: none;\">\n<ul style=\"text-align: justify;\">\n<li>Emiss\u00e3o de relat\u00f3rios configur\u00e1veis.<\/li>\n<\/ul>\n<\/li>\n<\/ul>\n<\/li>\n<\/ul>\n<ul>\n<li style=\"list-style-type: none;\">\n<ul>\n<li><strong style=\"text-align: justify;\">Vendas<\/strong><\/li>\n<\/ul>\n<\/li>\n<\/ul>\n<ul>\n<li style=\"list-style-type: none;\">\n<ul>\n<li style=\"list-style-type: none;\">\n<ul style=\"text-align: justify;\">\n<li>Vendas com suporte a Trocas, Devolu\u00e7\u00f5es, Nota Fiscal e Cupom Fiscal.<\/li>\n<\/ul>\n<\/li>\n<\/ul>\n<\/li>\n<\/ul>\n<ul>\n<li style=\"list-style-type: none;\">\n<ul>\n<li style=\"list-style-type: none;\">\n<ul style=\"text-align: justify;\">\n<li>Nota Fiscal Eletr\u00f4nica.<\/li>\n<\/ul>\n<\/li>\n<\/ul>\n<\/li>\n<\/ul>\n<ul>\n<li style=\"list-style-type: none;\">\n<ul>\n<li style=\"list-style-type: none;\">\n<ul style=\"text-align: justify;\">\n<li>Suporte a leitor de Cart\u00f5es Magn\u00e9ticos e Smart.<\/li>\n<\/ul>\n<\/li>\n<\/ul>\n<\/li>\n<\/ul>\n<ul>\n<li style=\"list-style-type: none;\">\n<ul>\n<li><strong style=\"text-align: justify;\">Or\u00e7amento<\/strong><\/li>\n<\/ul>\n<\/li>\n<\/ul>\n<ul>\n<li style=\"list-style-type: none;\">\n<ul>\n<li style=\"list-style-type: none;\">\n<ul style=\"text-align: justify;\">\n<li>Gera\u00e7\u00e3o de Or\u00e7amentos.<\/li>\n<li>Gera\u00e7\u00e3o de Cupom n\u00e3o fiscal.<\/li>\n<\/ul>\n<\/li>\n<\/ul>\n<\/li>\n<\/ul>\n<ul>\n<li style=\"list-style-type: none;\">\n<ul>\n<li><strong>Fornecedores<\/strong><\/li>\n<\/ul>\n<\/li>\n<\/ul>\n<ul>\n<li style=\"list-style-type: none;\">\n<ul>\n<li style=\"list-style-type: none;\">\n<ul style=\"text-align: justify;\">\n<li>Cadastro, consulta e atualiza\u00e7\u00e3o de fornecedores.<\/li>\n<\/ul>\n<\/li>\n<\/ul>\n<\/li>\n<\/ul>\n<ul>\n<li style=\"list-style-type: none;\">\n<ul>\n<li><strong style=\"text-align: justify;\">Compras<\/strong><\/li>\n<\/ul>\n<\/li>\n<\/ul>\n<ul>\n<li style=\"list-style-type: none;\">\n<ul>\n<li style=\"list-style-type: none;\">\n<ul style=\"text-align: justify;\">\n<li>Previs\u00e3o de compras.<\/li>\n<\/ul>\n<\/li>\n<\/ul>\n<\/li>\n<\/ul>\n<ul>\n<li style=\"list-style-type: none;\">\n<ul>\n<li style=\"list-style-type: none;\">\n<ul style=\"text-align: justify;\">\n<li>Gera\u00e7\u00e3o autom\u00e1tica de pedidos.<\/li>\n<\/ul>\n<\/li>\n<\/ul>\n<\/li>\n<\/ul>\n<ul>\n<li style=\"list-style-type: none;\">\n<ul>\n<li><strong style=\"text-align: justify;\">Livro Caixa<\/strong><\/li>\n<\/ul>\n<\/li>\n<\/ul>\n<ul>\n<li style=\"list-style-type: none;\">\n<ul>\n<li style=\"list-style-type: none;\">\n<ul style=\"text-align: justify;\">\n<li>Controle de Fluxo de Caixa.<\/li>\n<\/ul>\n<\/li>\n<\/ul>\n<\/li>\n<\/ul>\n<ul>\n<li style=\"list-style-type: none;\">\n<ul>\n<li><strong style=\"text-align: justify;\">Contas<\/strong><\/li>\n<\/ul>\n<\/li>\n<\/ul>\n<ul>\n<li style=\"list-style-type: none;\">\n<ul>\n<li style=\"list-style-type: none;\">\n<ul style=\"text-align: justify;\">\n<li>Controle de contas a pagar e a receber, saques, t\u00edtulos, cheques e documentos.<\/li>\n<\/ul>\n<\/li>\n<\/ul>\n<\/li>\n<\/ul>\n<ul>\n<li style=\"list-style-type: none;\">\n<ul>\n<li><strong style=\"text-align: justify;\">Administrador<\/strong><\/li>\n<\/ul>\n<\/li>\n<\/ul>\n<ul>\n<li style=\"list-style-type: none;\">\n<ul>\n<li style=\"list-style-type: none;\">\n<ul style=\"text-align: justify;\">\n<li>Configura\u00e7\u00e3o do sistema.<\/li>\n<\/ul>\n<\/li>\n<\/ul>\n<\/li>\n<\/ul>\n<ul>\n<li style=\"list-style-type: none;\">\n<ul>\n<li style=\"list-style-type: none;\">\n<ul style=\"text-align: justify;\">\n<li>Cria\u00e7\u00e3o e controle de usu\u00e1rios.<\/li>\n<\/ul>\n<\/li>\n<\/ul>\n<\/li>\n<\/ul>\n<ul>\n<li style=\"list-style-type: none;\">\n<ul>\n<li style=\"list-style-type: none;\">\n<ul style=\"text-align: justify;\">\n<li>Controle do uso dos computadores.<\/li>\n<\/ul>\n<\/li>\n<\/ul>\n<\/li>\n<\/ul>\n<ul>\n<li style=\"list-style-type: none;\">\n<ul>\n<li style=\"list-style-type: none;\">\n<ul style=\"text-align: justify;\">\n<li>Emiss\u00e3o de relat\u00f3rios de atividade e de produtividade.<\/li>\n<\/ul>\n<\/li>\n<\/ul>\n<\/li>\n<\/ul>\n<ul>\n<li style=\"list-style-type: none;\">\n<ul>\n<li><strong style=\"text-align: justify;\">Relat\u00f3rio<\/strong><\/li>\n<\/ul>\n<\/li>\n<\/ul>\n<ul>\n<li style=\"list-style-type: none;\">\n<ul>\n<li style=\"list-style-type: none;\">\n<ul>\n<li style=\"text-align: justify;\">Relat\u00f3rio do Sistema.<\/li>\n<\/ul>\n<\/li>\n<\/ul>\n<\/li>\n<\/ul>\n<p>&nbsp;<\/li>\n<\/ul>\n<\/li>\n<\/ul>\n","protected":false},"excerpt":{"rendered":"<p>O\u00a0Sistema\u00a0Progres Comercial \u00e9 um sistema de gest\u00e3o e automa\u00e7\u00e3o comercial e industrial de empresas que efetuem fabrica\u00e7\u00e3o e vendas de mercadorias como principal atividade. Com ele \u00e9 poss\u00edvel gerenciar seu estoque de mercadorias e insumos, cadastrar clientes, produtos, fornecedores, registrar suas vendas, controlar o caixa, emitir notas fiscais eletr\u00f4nicas, controlar suas contas, fazer or\u00e7amentos, imprimir&#8230;<\/p>\n","protected":false},"author":1,"featured_media":0,"parent":10044,"menu_order":0,"comment_status":"closed","ping_status":"closed","template":"","meta":{"footnotes":""},"class_list":["post-1645","page","type-page","status-publish","hentry"],"_links":{"self":[{"href":"https:\/\/progres.com.br\/site\/wp-json\/wp\/v2\/pages\/1645","targetHints":{"allow":["GET"]}}],"collection":[{"href":"https:\/\/progres.com.br\/site\/wp-json\/wp\/v2\/pages"}],"about":[{"href":"https:\/\/progres.com.br\/site\/wp-json\/wp\/v2\/types\/page"}],"author":[{"embeddable":true,"href":"https:\/\/progres.com.br\/site\/wp-json\/wp\/v2\/users\/1"}],"replies":[{"embeddable":true,"href":"https:\/\/progres.com.br\/site\/wp-json\/wp\/v2\/comments?post=1645"}],"version-history":[{"count":2,"href":"https:\/\/progres.com.br\/site\/wp-json\/wp\/v2\/pages\/1645\/revisions"}],"predecessor-version":[{"id":10116,"href":"https:\/\/progres.com.br\/site\/wp-json\/wp\/v2\/pages\/1645\/revisions\/10116"}],"up":[{"embeddable":true,"href":"https:\/\/progres.com.br\/site\/wp-json\/wp\/v2\/pages\/10044"}],"wp:attachment":[{"href":"https:\/\/progres.com.br\/site\/wp-json\/wp\/v2\/media?parent=1645"}],"curies":[{"name":"wp","href":"https:\/\/api.w.org\/{rel}","templated":true}]}}