{"id":1938,"date":"2020-12-14T09:29:14","date_gmt":"2020-12-14T12:29:14","guid":{"rendered":"https:\/\/www.progres.com.br\/site\/?page_id=1938"},"modified":"2023-08-01T15:02:43","modified_gmt":"2023-08-01T18:02:43","slug":"progres-pesquisa","status":"publish","type":"page","link":"https:\/\/progres.com.br\/site\/produtos\/progres-pesquisa\/","title":{"rendered":"Progres\u00a0Pesquisa"},"content":{"rendered":"<p style=\"text-align: justify;\">O Sistema <strong>Progres Pesquisa<\/strong> \u00e9 um sistema com tecnologia de \u00faltima gera\u00e7\u00e3o para processar as fontes de dados, calcular os Planos Amostrais e processar os resultados e gerar os relat\u00f3rios.<\/p>\r\n<p style=\"text-align: justify;\">Baseado na Plataforma Microsoft .NET, utiliza o PostgreSQL como Banco de Dados. Suporte a privil\u00e9gios de acesso para usu\u00e1rios. Possui um sistema de sincroniza\u00e7\u00e3o de dados, que permite execu\u00e7\u00e3o do sistema sem a necessidade conex\u00e3o permanente com a internet.<\/p>\r\n<p style=\"text-align: justify;\">O sistema possui uma interface intuitiva e amig\u00e1vel como mostra a imagem abaixo:<\/p>\r\n<p style=\"text-align: justify;\"><img decoding=\"async\" class=\"alignnone size-full wp-image-1941\" src=\"https:\/\/progres.com.br\/site\/wp-content\/uploads\/2020\/12\/Pesquisa-Main.png\" alt=\"\" width=\"1106\" height=\"980\" srcset=\"https:\/\/progres.com.br\/site\/wp-content\/uploads\/2020\/12\/Pesquisa-Main.png 1106w, https:\/\/progres.com.br\/site\/wp-content\/uploads\/2020\/12\/Pesquisa-Main-300x266.png 300w, https:\/\/progres.com.br\/site\/wp-content\/uploads\/2020\/12\/Pesquisa-Main-1024x907.png 1024w, https:\/\/progres.com.br\/site\/wp-content\/uploads\/2020\/12\/Pesquisa-Main-768x681.png 768w\" sizes=\"(max-width: 1106px) 100vw, 1106px\" \/><\/p>\r\n<!-- \/wp:post-content -->\r\n\r\n<!-- wp:paragraph \/-->\r\n\r\n<!-- wp:list -->\r\n<p style=\"text-align: justify;\">O Sistema <strong>Progres Pesquisa <\/strong>possui todas as funcionalidades necess\u00e1rias para a elabora\u00e7\u00e3o de diversos tipos de pesquisas! Veja a seguir as funcionalidades:<\/p>\r\n<ul style=\"text-align: justify;\">\r\n<li>Resumo com as informa\u00e7\u00f5es mais relevantes sobre as pesquisas.<\/li><br\/>\r\n<li>Os Planos Amostrais s\u00e3o gerados eletronicamente pelo Sistema.<\/li><br\/>\r\n<li>Cadastro das fontes de Dados de Campos de Pesquisa que podem ser pa\u00edses, regi\u00f5es, estados, munic\u00edpios ou distritos.<\/li><br\/>\r\n<li>Cadastro de question\u00e1rios de formas variadas.<\/li><br\/>\r\n<li>Um question\u00e1rio pode ter v\u00e1rias quest\u00f5es e cada quest\u00e3o pode ter v\u00e1rias alternativas.<\/li><br\/>\r\n<li>Possibilidade de criar v\u00e1rios tipos de quest\u00f5es conforme o formato da resposta desejada.<\/li><br\/>\r\n<\/ul>\r\n<p style=\"text-align: justify;\">\u00a0<\/p>\r\n<!-- \/wp:list -->","protected":false},"excerpt":{"rendered":"<p>O Sistema Progres Pesquisa \u00e9 um sistema com tecnologia de \u00faltima gera\u00e7\u00e3o para processar as fontes de dados, calcular os Planos Amostrais e processar os resultados e gerar os relat\u00f3rios. Baseado na Plataforma Microsoft .NET, utiliza o PostgreSQL como Banco de Dados. Suporte a privil\u00e9gios de acesso para usu\u00e1rios. Possui um sistema de sincroniza\u00e7\u00e3o de&#8230;<\/p>\n","protected":false},"author":1,"featured_media":0,"parent":10044,"menu_order":0,"comment_status":"closed","ping_status":"closed","template":"","meta":{"footnotes":""},"class_list":["post-1938","page","type-page","status-publish","hentry"],"_links":{"self":[{"href":"https:\/\/progres.com.br\/site\/wp-json\/wp\/v2\/pages\/1938","targetHints":{"allow":["GET"]}}],"collection":[{"href":"https:\/\/progres.com.br\/site\/wp-json\/wp\/v2\/pages"}],"about":[{"href":"https:\/\/progres.com.br\/site\/wp-json\/wp\/v2\/types\/page"}],"author":[{"embeddable":true,"href":"https:\/\/progres.com.br\/site\/wp-json\/wp\/v2\/users\/1"}],"replies":[{"embeddable":true,"href":"https:\/\/progres.com.br\/site\/wp-json\/wp\/v2\/comments?post=1938"}],"version-history":[{"count":1,"href":"https:\/\/progres.com.br\/site\/wp-json\/wp\/v2\/pages\/1938\/revisions"}],"predecessor-version":[{"id":10117,"href":"https:\/\/progres.com.br\/site\/wp-json\/wp\/v2\/pages\/1938\/revisions\/10117"}],"up":[{"embeddable":true,"href":"https:\/\/progres.com.br\/site\/wp-json\/wp\/v2\/pages\/10044"}],"wp:attachment":[{"href":"https:\/\/progres.com.br\/site\/wp-json\/wp\/v2\/media?parent=1938"}],"curies":[{"name":"wp","href":"https:\/\/api.w.org\/{rel}","templated":true}]}}