{"id":683,"date":"2014-12-02T07:01:56","date_gmt":"2014-12-02T10:01:56","guid":{"rendered":"https:\/\/accesspressthemes.com\/accesspress-parallax-pro-demo\/?page_id=683"},"modified":"2023-08-01T18:46:28","modified_gmt":"2023-08-01T21:46:28","slug":"servicos","status":"publish","type":"page","link":"https:\/\/progres.com.br\/site\/servicos\/","title":{"rendered":"Servi\u00e7os"},"content":{"rendered":"<div id=\"pl-683\"  class=\"panel-layout\" ><div id=\"pg-683-0\"  class=\"panel-grid panel-has-style\" ><div class=\"siteorigin-panels-stretch panel-row-style panel-row-style-for-683-0\" data-stretch-type=\"full-stretched-padded\" ><div id=\"pgc-683-0-0\"  class=\"panel-grid-cell\" ><div id=\"panel-683-0-0-0\" class=\"so-panel widget widget_sow-headline panel-first-child panel-last-child\" data-index=\"0\" ><div\n\t\t\t\n\t\t\tclass=\"so-widget-sow-headline so-widget-sow-headline-default-05494648a7f7-683\"\n\t\t\t\n\t\t><div class=\"sow-headline-container \">\n\t\t\t\t\t\t\t<h2 class=\"sow-headline\">\n\t\t\t\t\t\tSERVI\u00c7OS\t\t\t\t\t\t<\/h2>\n\t\t\t\t\t\t\t\t\t\t\t<div class=\"decoration\">\n\t\t\t\t\t\t<div class=\"decoration-inside\"><\/div>\n\t\t\t\t\t<\/div>\n\t\t\t\t\t<\/div>\n<\/div><\/div><\/div><\/div><\/div><div id=\"pg-683-1\"  class=\"panel-grid panel-has-style\" ><div class=\"so-rounded siteorigin-panels-stretch panel-row-style panel-row-style-for-683-1\" data-stretch-type=\"full-stretched-padded\" ><div id=\"pgc-683-1-0\"  class=\"panel-grid-cell panel-grid-cell-empty\" ><\/div><div id=\"pgc-683-1-1\"  class=\"panel-grid-cell panel-grid-cell-mobile-last\" ><div id=\"panel-683-1-1-0\" class=\"so-panel widget widget_sow-headline panel-first-child panel-last-child\" data-index=\"1\" ><div\n\t\t\t\n\t\t\tclass=\"so-widget-sow-headline so-widget-sow-headline-default-9d3460dee695-683\"\n\t\t\t\n\t\t><div class=\"sow-headline-container \">\n\t\t\t\t\t\t\t<p class=\"sow-sub-headline\">\n\t\t\t\t\t\tA Progres Tecnologia oferece servi\u00e7os especializados em Controle Patrimonial que impulsionam a produtividade, a efici\u00eancia operacional e a redu\u00e7\u00e3o de custos. Nosso principal objetivo \u00e9 garantir a plena satisfa\u00e7\u00e3o dos nossos clientes, proporcionando solu\u00e7\u00f5es eficazes para suas necessidades. Nosso diferencial reside nas metodologias pr\u00f3prias e modernas que utilizamos, as quais s\u00e3o respaldadas por nossa ampla experi\u00eancia na \u00e1rea. Dessa forma, podemos assegurar o cumprimento de todas as obriga\u00e7\u00f5es legais relacionadas ao controle patrimonial. Convidamos voc\u00ea a conhecer mais sobre nossos servi\u00e7os e descobrir como podemos ajudar a otimizar seus processos para garantir uma gest\u00e3o patrimonial eficiente. Estamos \u00e0 disposi\u00e7\u00e3o para fornecer informa\u00e7\u00f5es detalhadas e personalizadas de acordo com suas necessidades espec\u00edficas.\t\t\t\t\t\t<\/p>\n\t\t\t\t\t\t<\/div>\n<\/div><\/div><\/div><div id=\"pgc-683-1-2\"  class=\"panel-grid-cell panel-grid-cell-empty\" ><\/div><\/div><\/div><div id=\"pg-683-2\"  class=\"panel-grid panel-has-style\" ><div class=\"siteorigin-panels-stretch panel-row-style panel-row-style-for-683-2\" data-stretch-type=\"full-stretched-padded\" ><div id=\"pgc-683-2-0\"  class=\"panel-grid-cell\" ><div id=\"panel-683-2-0-0\" class=\"so-panel widget widget_accesspress_image panel-first-child\" data-index=\"2\" ><div class=\"panel-widget-style panel-widget-style-for-683-2-0-0\" >        \n        <div class=\"wow bounceIn ap-align-center\">\n                            <img src = \"https:\/\/progres.com.br\/site\/wp-content\/uploads\/2023\/07\/Etiquetas-540x350.webp\" \/>\n                    <\/div>\n        <\/div><\/div><div id=\"panel-683-2-0-1\" class=\"so-panel widget widget_sow-editor panel-last-child\" data-index=\"3\" ><div class=\"panel-widget-style panel-widget-style-for-683-2-0-1\" ><div\n\t\t\t\n\t\t\tclass=\"so-widget-sow-editor so-widget-sow-editor-base\"\n\t\t\t\n\t\t>\n<div class=\"siteorigin-widget-tinymce textwidget\">\n\t<div class=\"caixaServico\">\n<div class=\"ap_tagline_box clearfix ap-all-border-box2\"><div class=\"tituloServico\">\n<h5><a style=\"text-decoration: none;\" href=\"https:\/\/progres.com.br\/site\/servicos\/identificacao-patrimonial\/\">IDENTIFICA\u00c7\u00c3O PATRIMONIAL<\/a><\/h5>\n<\/div>\n<div class=\"textoServico\">Realizamos o levantamento e a identifica\u00e7\u00e3o dos ativos patrimoniais atrav\u00e9s localiza\u00e7\u00e3o e fixa\u00e7\u00e3o de etiquetas com tecnologia RFID. Essa metodologia nos permite uma redu\u00e7\u00e3o nos custos e do tempo de execu\u00e7\u00e3o de Invent\u00e1rios Patrimoniais.<\/div>\n<div class=\"botaoServico\"><a href=\"https:\/\/progres.com.br\/site\/servicos\/identificacao-patrimonial\/\">SAIBA MAIS<\/a><\/div><\/div>\n<\/div>\n<\/div>\n<\/div><\/div><\/div><\/div><div id=\"pgc-683-2-1\"  class=\"panel-grid-cell\" ><div id=\"panel-683-2-1-0\" class=\"so-panel widget widget_accesspress_image panel-first-child\" data-index=\"4\" ><div class=\"panel-widget-style panel-widget-style-for-683-2-1-0\" >        \n        <div class=\"wow bounceIn ap-align-center\">\n                            <img src = \"https:\/\/progres.com.br\/site\/wp-content\/uploads\/2023\/07\/Gestao-540x350.webp\" \/>\n                    <\/div>\n        <\/div><\/div><div id=\"panel-683-2-1-1\" class=\"so-panel widget widget_sow-editor panel-last-child\" data-index=\"5\" ><div class=\"panel-widget-style panel-widget-style-for-683-2-1-1\" ><div\n\t\t\t\n\t\t\tclass=\"so-widget-sow-editor so-widget-sow-editor-base\"\n\t\t\t\n\t\t>\n<div class=\"siteorigin-widget-tinymce textwidget\">\n\t<div class=\"caixaServico\">\n<div class=\"ap_tagline_box clearfix ap-all-border-box2\"><div class=\"tituloServico\">\n<h5><a style=\"text-decoration: none;\" href=\"https:\/\/progres.com.br\/site\/servicos\/gestao-patrimonial\/\">GEST\u00c3O PATRIMONIAL<\/a><\/h5>\n<\/div>\n<div class=\"textoServico\">Efetuamos a gest\u00e3o dos ativos patrimoniais atrav\u00e9s da aplica\u00e7\u00e3o de rotinas b\u00e1sicas como cadastramento, identifica\u00e7\u00e3o, aloca\u00e7\u00e3o, localiza\u00e7\u00e3o, movimenta\u00e7\u00e3o e emiss\u00e3o de relat\u00f3rios. Essa metodologia libera nossos clientes para focar nos seus neg\u00f3cios.<\/div>\n<div class=\"botaoServico\"><a href=\"https:\/\/progres.com.br\/site\/servicos\/gestao-patrimonial\/\">SAIBA MAIS<\/a><\/div><\/div>\n<\/div>\n<\/div>\n<\/div><\/div><\/div><\/div><div id=\"pgc-683-2-2\"  class=\"panel-grid-cell\" ><div id=\"panel-683-2-2-0\" class=\"so-panel widget widget_accesspress_image panel-first-child\" data-index=\"6\" ><div class=\"panel-widget-style panel-widget-style-for-683-2-2-0\" >        \n        <div class=\"wow bounceIn ap-align-center\">\n                            <img src = \"https:\/\/progres.com.br\/site\/wp-content\/uploads\/2023\/07\/Software-540x350.webp\" \/>\n                    <\/div>\n        <\/div><\/div><div id=\"panel-683-2-2-1\" class=\"so-panel widget widget_sow-editor panel-last-child\" data-index=\"7\" ><div class=\"panel-widget-style panel-widget-style-for-683-2-2-1\" ><div\n\t\t\t\n\t\t\tclass=\"so-widget-sow-editor so-widget-sow-editor-base\"\n\t\t\t\n\t\t>\n<div class=\"siteorigin-widget-tinymce textwidget\">\n\t<div class=\"caixaServico\">\n<div class=\"ap_tagline_box clearfix ap-all-border-box2\"><div class=\"tituloServico\">\n<h5><a style=\"text-decoration: none;\" href=\"https:\/\/progres.com.br\/site\/servicos\/software-de-controle-patrimonial\/\">SOFTWARE DE CONTROLE PATRIMONIAL<\/a><\/h5>\n<\/div>\n<div class=\"textoServico\">Fornecemos licen\u00e7as de nosso software de Controle Patrimonial que cont\u00e9m todos campos exigidos para um controle de ativos eficiente. Al\u00e9m disso, fornecemos suporte e f\u00e1cil customiza\u00e7\u00e3o conforme demanda.<\/div>\n<div class=\"botaoServico\"><a href=\"https:\/\/progres.com.br\/site\/servicos\/software-de-controle-patrimonial\/\">SAIBA MAIS<\/a><\/div><\/div>\n<\/div>\n<\/div>\n<\/div><\/div><\/div><\/div><\/div><\/div><div id=\"pg-683-3\"  class=\"panel-grid panel-has-style\" ><div class=\"siteorigin-panels-stretch panel-row-style panel-row-style-for-683-3\" data-stretch-type=\"full-stretched-padded\" ><div id=\"pgc-683-3-0\"  class=\"panel-grid-cell\" ><div id=\"panel-683-3-0-0\" class=\"so-panel widget widget_accesspress_image panel-first-child\" data-index=\"8\" ><div class=\"panel-widget-style panel-widget-style-for-683-3-0-0\" >        \n        <div class=\"wow bounceIn ap-align-center\">\n                            <img src = \"https:\/\/progres.com.br\/site\/wp-content\/uploads\/2023\/07\/Inventario-540x350.webp\" \/>\n                    <\/div>\n        <\/div><\/div><div id=\"panel-683-3-0-1\" class=\"so-panel widget widget_sow-editor panel-last-child\" data-index=\"9\" ><div\n\t\t\t\n\t\t\tclass=\"so-widget-sow-editor so-widget-sow-editor-base\"\n\t\t\t\n\t\t>\n<div class=\"siteorigin-widget-tinymce textwidget\">\n\t<div class=\"caixaServico\">\n<div class=\"ap_tagline_box clearfix ap-all-border-box2\"><div class=\"tituloServico\">\n<h5><a style=\"text-decoration: none;\" href=\"https:\/\/progres.com.br\/site\/servicos\/inventario-fisico\/\">INVENT\u00c1RIO F\u00cdSICO<\/a><\/h5>\n<\/div>\n<div class=\"textoServico\">Realizamos o invent\u00e1rio f\u00edsico dos ativos patrimoniais atrav\u00e9s do cruzamento dos registros j\u00e1 lan\u00e7ados do patrim\u00f4nio com uma apura\u00e7\u00e3o in loco, correlacionando ativo por ativo, identificando sua utiliza\u00e7\u00e3o, estado de conserva\u00e7\u00e3o, localiza\u00e7\u00e3o, entre outros.<\/div>\n<div class=\"botaoServico\"><a href=\"https:\/\/progres.com.br\/site\/servicos\/inventario-fisico\/\">SAIBA MAIS<\/a><\/div><\/div>\n<\/div>\n<\/div>\n<\/div><\/div><\/div><div id=\"pgc-683-3-1\"  class=\"panel-grid-cell\" ><div id=\"panel-683-3-1-0\" class=\"so-panel widget widget_accesspress_image panel-first-child\" data-index=\"10\" ><div class=\"panel-widget-style panel-widget-style-for-683-3-1-0\" >        \n        <div class=\"wow bounceIn ap-align-center\">\n                            <img src = \"https:\/\/progres.com.br\/site\/wp-content\/uploads\/2023\/07\/Avaliacao-540x350.webp\" \/>\n                    <\/div>\n        <\/div><\/div><div id=\"panel-683-3-1-1\" class=\"so-panel widget widget_sow-editor panel-last-child\" data-index=\"11\" ><div\n\t\t\t\n\t\t\tclass=\"so-widget-sow-editor so-widget-sow-editor-base\"\n\t\t\t\n\t\t>\n<div class=\"siteorigin-widget-tinymce textwidget\">\n\t<div class=\"caixaServico\">\n<div class=\"ap_tagline_box clearfix ap-all-border-box2\"><div class=\"tituloServico\">\n<h5><a style=\"text-decoration: none;\" href=\"https:\/\/progres.com.br\/site\/servicos\/avaliacao-de-ativos-patrimoniais\/\">AVALIA\u00c7\u00c3O DE ATIVOS PATRIMONIAIS<\/a><\/h5>\n<\/div>\n<div class=\"textoServico\">Fazemos avalia\u00e7\u00e3o dos ativos patrimoniais com base nos estados de conserva\u00e7\u00e3o e nos valores de mercado. Tamb\u00e9m realizamos o c\u00e1lculo de deprecia\u00e7\u00e3o dos ativos conforme tempo de uso e a vida \u00fatil.<\/div>\n<div class=\"botaoServico\"><a href=\"https:\/\/progres.com.br\/site\/servicos\/avaliacao-de-ativos-patrimoniais\/\">SAIBA MAIS<\/a><\/div><\/div>\n<\/div>\n<\/div>\n<\/div><\/div><\/div><div id=\"pgc-683-3-2\"  class=\"panel-grid-cell\" ><div id=\"panel-683-3-2-0\" class=\"so-panel widget widget_accesspress_image panel-first-child\" data-index=\"12\" ><div class=\"panel-widget-style panel-widget-style-for-683-3-2-0\" >        \n        <div class=\"wow bounceIn ap-align-center\">\n                            <img src = \"https:\/\/progres.com.br\/site\/wp-content\/uploads\/2023\/07\/Consultoria1-540x350.webp\" \/>\n                    <\/div>\n        <\/div><\/div><div id=\"panel-683-3-2-1\" class=\"so-panel widget widget_sow-editor panel-last-child\" data-index=\"13\" ><div\n\t\t\t\n\t\t\tclass=\"so-widget-sow-editor so-widget-sow-editor-base\"\n\t\t\t\n\t\t>\n<div class=\"siteorigin-widget-tinymce textwidget\">\n\t<div class=\"caixaServico\">\n<div class=\"ap_tagline_box clearfix ap-all-border-box2\"><div class=\"tituloServico\">\n<h5><a style=\"text-decoration: none;\" href=\"https:\/\/progres.com.br\/site\/servicos\/consultoria-patrimonial\/\">CONSULTORIA PATRIMONIAL<\/a><\/h5>\n<\/div>\n<div class=\"textoServico\">Prestamos Consultoria Patrimonial visando solucionar as principais d\u00favidas e sanar quest\u00f5es espec\u00edficas, orientando quais os procedimentos devem ser realizados. Al\u00e9m disso, realizamos treinamentos t\u00e9cnicos para os setores respons\u00e1veis.<\/div>\n<div class=\"botaoServico\"><a href=\"https:\/\/progres.com.br\/site\/servicos\/consultoria-patrimonial\/\">SAIBA MAIS<\/a><\/div><\/div>\n<\/div>\n<\/div>\n<\/div><\/div><\/div><\/div><\/div><\/div>","protected":false},"excerpt":{"rendered":"<p>SERVI\u00c7OS A Progres Tecnologia oferece servi\u00e7os especializados em Controle Patrimonial que impulsionam a produtividade, a efici\u00eancia operacional e a redu\u00e7\u00e3o de custos. Nosso principal objetivo \u00e9 garantir a plena satisfa\u00e7\u00e3o dos nossos clientes, proporcionando solu\u00e7\u00f5es eficazes para suas necessidades. Nosso diferencial reside nas metodologias pr\u00f3prias e modernas que utilizamos, as quais s\u00e3o respaldadas por nossa&#8230;<\/p>\n","protected":false},"author":1,"featured_media":0,"parent":0,"menu_order":0,"comment_status":"closed","ping_status":"closed","template":"","meta":{"footnotes":""},"class_list":["post-683","page","type-page","status-publish","hentry"],"_links":{"self":[{"href":"https:\/\/progres.com.br\/site\/wp-json\/wp\/v2\/pages\/683","targetHints":{"allow":["GET"]}}],"collection":[{"href":"https:\/\/progres.com.br\/site\/wp-json\/wp\/v2\/pages"}],"about":[{"href":"https:\/\/progres.com.br\/site\/wp-json\/wp\/v2\/types\/page"}],"author":[{"embeddable":true,"href":"https:\/\/progres.com.br\/site\/wp-json\/wp\/v2\/users\/1"}],"replies":[{"embeddable":true,"href":"https:\/\/progres.com.br\/site\/wp-json\/wp\/v2\/comments?post=683"}],"version-history":[{"count":34,"href":"https:\/\/progres.com.br\/site\/wp-json\/wp\/v2\/pages\/683\/revisions"}],"predecessor-version":[{"id":10195,"href":"https:\/\/progres.com.br\/site\/wp-json\/wp\/v2\/pages\/683\/revisions\/10195"}],"wp:attachment":[{"href":"https:\/\/progres.com.br\/site\/wp-json\/wp\/v2\/media?parent=683"}],"curies":[{"name":"wp","href":"https:\/\/api.w.org\/{rel}","templated":true}]}}